{"id":3513,"date":"2025-08-23T19:57:59","date_gmt":"2025-08-23T19:57:59","guid":{"rendered":"https:\/\/aiara-studio.com\/?page_id=3513"},"modified":"2025-10-26T20:01:16","modified_gmt":"2025-10-26T20:01:16","slug":"legal-notice","status":"publish","type":"page","link":"https:\/\/aiara-studio.com\/de\/legal-notice\/","title":{"rendered":"Legal Notice"},"content":{"rendered":"<div data-elementor-type=\"wp-page\" data-elementor-id=\"3513\" class=\"elementor elementor-3513\">\n\t\t\t\t<div class=\"elementor-element elementor-element-46fcd4f2 e-flex e-con-boxed e-con e-parent\" data-id=\"46fcd4f2\" data-element_type=\"container\" data-e-type=\"container\">\n\t\t\t\t\t<div class=\"e-con-inner\">\n\t\t\t\t<div class=\"elementor-element elementor-element-672ac811 elementor-widget elementor-widget-text-editor\" data-id=\"672ac811\" data-element_type=\"widget\" data-e-type=\"widget\" data-widget_type=\"text-editor.default\">\n\t\t\t\t<div class=\"elementor-widget-container\">\n\t\t\t\t\t\t\t\t\t<h1>Legal Notice<\/h1>\n<p data-start=\"542\" data-end=\"575\">\u00a0<\/p>\n<p data-start=\"542\" data-end=\"575\"><strong>Datum des Inkrafttretens:<\/strong> 23.08.2025<\/p>\n<p data-start=\"542\" data-end=\"575\">\u00a0<\/p>\n<h4>1. Owner Identification<\/h4>\n<p data-start=\"511\" data-end=\"671\">In compliance with Law 34\/2002 of 11 July, on Information Society Services and Electronic Commerce (LSSI-CE), this website <a class=\"decorated-link\" href=\"https:\/\/aiara-studio.com\/de\/\" target=\"_new\" rel=\"noopener\" data-start=\"636\" data-end=\"656\">www.aiara-studio.com<\/a> is owned by:<\/p>\n<p><strong>Aiara-Studio<\/strong><br data-start=\"871\" data-end=\"874\" \/>Ewa Caroline Orman<br data-start=\"911\" data-end=\"914\" \/>Calle Roques del Salmor 14<br \/>38679 Costa Adeje<br \/>Santa Cruz de Tenerife, Spain<\/p>\n<p>NIE: Z1251235-V<\/p>\n<p>E-Mail: hello@aiara-studio.com<br \/>Website:\u00a0<a href=\"https:\/\/aiara-studio.com\/de\/\">https:\/\/www.aiara-studio.com<\/a><\/p>\n<p data-start=\"961\" data-end=\"1044\">Aiara Studio provides professional services in online marketing.<\/p>\n<p>\u00a0<\/p>\n<p><!-- \/wp:paragraph --><!-- wp:heading --><\/p>\n<h4>2. Purpose of the Website<\/h4>\n<p data-start=\"1085\" data-end=\"1313\">This Legal Notice regulates access to and use of the website <a class=\"decorated-link\" href=\"https:\/\/aiara-studio.com\/de\/\" target=\"_new\" rel=\"noopener\" data-start=\"1148\" data-end=\"1168\">www.aiara-studio.com<\/a> (hereinafter, \u201cthe Website\u201d), owned by Aiara Studio.<br data-start=\"1223\" data-end=\"1226\" \/>By accessing or using the Website, you agree to comply with the terms set forth herein.<\/p>\n<p data-start=\"1315\" data-end=\"1455\">Aiara Studio reserves the right to modify, suspend, or discontinue the Website or any part of its content at any time, without prior notice.<\/p>\n<p data-start=\"1315\" data-end=\"1455\">\u00a0<\/p>\n<h4 data-start=\"1333\" data-end=\"1361\">3. Conditions of Use<\/h4>\n<p data-start=\"1363\" data-end=\"1420\">Users agree to use the Website and its contents in accordance with the law, good faith, public order, and this Legal Notice.<br data-start=\"1615\" data-end=\"1618\" \/>It is strictly prohibited to use the Website for unlawful purposes, to damage its functionality, or to interfere with its normal operation.4. Legal Basis for Processing<\/p>\n<p data-start=\"1674\" data-end=\"1725\">Gem\u00e4\u00df GDPR verarbeiten wir Ihre personenbezogenen Daten aus folgenden Gr\u00fcnden:<\/p>\n<ul data-start=\"1726\" data-end=\"1841\">\n<li data-start=\"1726\" data-end=\"1774\">\n<p data-start=\"1728\" data-end=\"1774\"><strong data-start=\"1728\" data-end=\"1739\">Zustimmung<\/strong> - um Ihnen Marketing-E-Mails zu schicken<\/p>\n<\/li>\n<li data-start=\"1775\" data-end=\"1841\">\n<p data-start=\"1777\" data-end=\"1841\"><strong data-start=\"1777\" data-end=\"1800\">Legitimes Interesse<\/strong> - zur Verbesserung unserer Website und Dienstleistungen<\/p>\n<\/li>\n<\/ul>\n<p data-start=\"1843\" data-end=\"1960\">Sie k\u00f6nnen Ihre Einwilligung jederzeit widerrufen, indem Sie auf den Link \"Abmelden\" in unseren E-Mails klicken oder sich direkt an uns wenden.<\/p>\n<p data-start=\"1843\" data-end=\"1960\">\u00a0<\/p>\n<h4 data-start=\"1967\" data-end=\"2012\">4. Intellectual Property<\/h4>\n<p data-start=\"1797\" data-end=\"1978\">All content on this Website \u2014 including text, images, graphics, design, and source code \u2014 is the exclusive property of <strong data-start=\"1916\" data-end=\"1932\">Aiara-Studio<\/strong> or third parties who have authorized its use.<\/p>\n<p data-start=\"1980\" data-end=\"2118\">Reproduction, distribution, or public communication of any content without prior written consent from Aiara Studio is strictly prohibited.<\/p>\n<p data-start=\"2156\" data-end=\"2400\">\u00a0<\/p>\n<h4 data-start=\"2407\" data-end=\"2435\">5. External Links<\/h4>\n<p data-start=\"2437\" data-end=\"2528\">This Website may contain links to external third-party websites. Aiara Studio is not responsible for the content, accuracy, or privacy practices of such external sites and does not assume any liability for their use.<\/p>\n<p data-start=\"2530\" data-end=\"2697\">\u00a0<\/p>\n<h4 data-start=\"2635\" data-end=\"2661\">6. Limitation of Liability<\/h4>\n<p data-start=\"2662\" data-end=\"2776\">Aiara Studio does not guarantee the continuous availability of the Website or the absence of technical errors.<br data-start=\"2519\" data-end=\"2522\" \/>It shall not be held liable for any damages resulting from access, use, or inability to use the Website, nor for any errors or omissions in its content.<\/p>\n<p data-start=\"2662\" data-end=\"2776\">\u00a0<\/p>\n<h4 data-start=\"3087\" data-end=\"3122\">7. Data Protection<\/h4>\n<p data-start=\"3123\" data-end=\"3225\">Processing of personal data collected through this Website is governed by our <a class=\"decorated-link cursor-pointer\" href=\"\/de\/privacy-policy\/\" target=\"_new\" rel=\"noopener\" data-start=\"2786\" data-end=\"2847\">Datenschutzbestimmungen\u200e<\/a>.<br data-start=\"2848\" data-end=\"2851\" \/>By using this Website, you acknowledge and accept our Privacy Policy.<\/p>\n<p data-start=\"3227\" data-end=\"3399\">\u00a0<\/p>\n<h4 data-start=\"2704\" data-end=\"2737\">8. Applicable Law and Jurisdiction<\/h4>\n<p data-start=\"2959\" data-end=\"3030\">This Legal Notice shall be governed by and construed in accordance with the laws of <strong data-start=\"3054\" data-end=\"3063\">Spain<\/strong>.<br data-start=\"3064\" data-end=\"3067\" \/>Any disputes arising from access to or use of the Website shall be subject to the jurisdiction of the courts of <strong data-start=\"3179\" data-end=\"3212\">Santa Cruz de Tenerife, Spain<\/strong>.<\/p>\n<p data-start=\"2959\" data-end=\"3030\">\u00a0<\/p>\n<h4 data-start=\"3037\" data-end=\"3055\">9. Contact<\/h4>\n<p data-start=\"4022\" data-end=\"4075\">For any questions regarding this Legal Notice, please contact:<\/p>\n<p data-start=\"4022\" data-end=\"4075\"><strong data-start=\"3541\" data-end=\"3557\">Aiara-Studio<\/strong><br data-start=\"3301\" data-end=\"3304\" \/>Email: <a class=\"decorated-link cursor-pointer\" rel=\"noopener\" data-start=\"3315\" data-end=\"3337\">hello@aiara-studio.com<\/a><br data-start=\"3337\" data-end=\"3340\" \/>Website: <a class=\"decorated-link\" href=\"https:\/\/aiara-studio.com\/de\/\" target=\"_new\" rel=\"noopener\" data-start=\"3353\" data-end=\"3413\">https:\/\/www.aiara-studio.com<\/a><\/p>\n<p data-start=\"3184\" data-end=\"3252\">\u00a0<\/p>\n<h4 data-start=\"3259\" data-end=\"3292\">10. Compliance Statement<\/h4>\n<p data-start=\"3449\" data-end=\"3632\">This Legal Notice complies with <strong data-start=\"3481\" data-end=\"3514\">Spanish Law 34\/2002 (LSSI-CE)<\/strong> and aligns with the <strong data-start=\"3535\" data-end=\"3594\">General Data Protection Regulation (EU) 2016\/679 (GDPR)<\/strong> and <strong data-start=\"3599\" data-end=\"3631\">Organic Law 3\/2018 (LOPDGDD)<\/strong>.<\/p>\n<p data-start=\"3294\" data-end=\"3425\">Last updated: <strong>26.10.2025<\/strong><\/p>\n<p><!-- \/wp:paragraph --><!-- wp:heading --><!-- \/wp:paragraph --><\/p>\t\t\t\t\t\t\t\t<\/div>\n\t\t\t\t<\/div>\n\t\t\t\t\t<\/div>\n\t\t\t\t<\/div>\n\t\t\t\t<\/div>","protected":false},"excerpt":{"rendered":"<p>Legal Notice \u00a0 Effective Date: 23.08.2025 \u00a0 1. Owner Identification In compliance with Law 34\/2002 of 11 July, on Information Society Services and Electronic Commerce (LSSI-CE), this website www.aiara-studio.com is owned by: Aiara StudioEwa Caroline OrmanCalle Roques del Salmor 1438679 Costa AdejeSanta Cruz de Tenerife, Spain NIE: Z1251235-V Email: hello@aiara-studio.comWebsite:\u00a0https:\/\/www.aiara-studio.com Aiara Studio provides professional services&#8230;<\/p>","protected":false},"author":1,"featured_media":0,"parent":0,"menu_order":0,"comment_status":"closed","ping_status":"closed","template":"elementor_canvas","meta":{"footnotes":""},"class_list":["post-3513","page","type-page","status-publish","hentry"],"yoast_head":"<!-- This site is optimized with the Yoast SEO plugin v27.4 - https:\/\/yoast.com\/product\/yoast-seo-wordpress\/ -->\n<title>Legal Notice - aiara studio<\/title>\n<meta name=\"robots\" content=\"index, follow, max-snippet:-1, max-image-preview:large, max-video-preview:-1\" \/>\n<link rel=\"canonical\" href=\"https:\/\/aiara-studio.com\/de\/legal-notice\/\" \/>\n<meta property=\"og:locale\" content=\"de_DE\" \/>\n<meta property=\"og:type\" content=\"article\" \/>\n<meta property=\"og:title\" content=\"Legal Notice - aiara studio\" \/>\n<meta property=\"og:description\" content=\"Legal Notice \u00a0 Effective Date: 23.08.2025 \u00a0 1. Owner Identification In compliance with Law 34\/2002 of 11 July, on Information Society Services and Electronic Commerce (LSSI-CE), this website www.aiara-studio.com is owned by: Aiara StudioEwa Caroline OrmanCalle Roques del Salmor 1438679 Costa AdejeSanta Cruz de Tenerife, Spain NIE: Z1251235-V Email: hello@aiara-studio.comWebsite:\u00a0https:\/\/www.aiara-studio.com Aiara Studio provides professional services...\" \/>\n<meta property=\"og:url\" content=\"https:\/\/aiara-studio.com\/de\/legal-notice\/\" \/>\n<meta property=\"og:site_name\" content=\"aiara studio\" \/>\n<meta property=\"article:modified_time\" content=\"2025-10-26T20:01:16+00:00\" \/>\n<meta name=\"twitter:card\" content=\"summary_large_image\" \/>\n<meta name=\"twitter:label1\" content=\"Gesch\u00e4tzte Lesezeit\" \/>\n\t<meta name=\"twitter:data1\" content=\"3\u00a0Minuten\" \/>\n<script type=\"application\/ld+json\" class=\"yoast-schema-graph\">{\"@context\":\"https:\\\/\\\/schema.org\",\"@graph\":[{\"@type\":\"WebPage\",\"@id\":\"https:\\\/\\\/aiara-studio.com\\\/legal-notice\\\/\",\"url\":\"https:\\\/\\\/aiara-studio.com\\\/legal-notice\\\/\",\"name\":\"Legal Notice - aiara studio\",\"isPartOf\":{\"@id\":\"https:\\\/\\\/aiara-studio.com\\\/#website\"},\"datePublished\":\"2025-08-23T19:57:59+00:00\",\"dateModified\":\"2025-10-26T20:01:16+00:00\",\"breadcrumb\":{\"@id\":\"https:\\\/\\\/aiara-studio.com\\\/legal-notice\\\/#breadcrumb\"},\"inLanguage\":\"de\",\"potentialAction\":[{\"@type\":\"ReadAction\",\"target\":[\"https:\\\/\\\/aiara-studio.com\\\/legal-notice\\\/\"]}]},{\"@type\":\"BreadcrumbList\",\"@id\":\"https:\\\/\\\/aiara-studio.com\\\/legal-notice\\\/#breadcrumb\",\"itemListElement\":[{\"@type\":\"ListItem\",\"position\":1,\"name\":\"Home\",\"item\":\"https:\\\/\\\/aiara-studio.com\\\/\"},{\"@type\":\"ListItem\",\"position\":2,\"name\":\"Legal Notice\"}]},{\"@type\":\"WebSite\",\"@id\":\"https:\\\/\\\/aiara-studio.com\\\/#website\",\"url\":\"https:\\\/\\\/aiara-studio.com\\\/\",\"name\":\"aiara studio\",\"description\":\"AI Creative Direction\",\"publisher\":{\"@id\":\"https:\\\/\\\/aiara-studio.com\\\/#organization\"},\"potentialAction\":[{\"@type\":\"SearchAction\",\"target\":{\"@type\":\"EntryPoint\",\"urlTemplate\":\"https:\\\/\\\/aiara-studio.com\\\/?s={search_term_string}\"},\"query-input\":{\"@type\":\"PropertyValueSpecification\",\"valueRequired\":true,\"valueName\":\"search_term_string\"}}],\"inLanguage\":\"de\"},{\"@type\":\"Organization\",\"@id\":\"https:\\\/\\\/aiara-studio.com\\\/#organization\",\"name\":\"aiara studio\",\"url\":\"https:\\\/\\\/aiara-studio.com\\\/\",\"logo\":{\"@type\":\"ImageObject\",\"inLanguage\":\"de\",\"@id\":\"https:\\\/\\\/aiara-studio.com\\\/#\\\/schema\\\/logo\\\/image\\\/\",\"url\":\"https:\\\/\\\/aiara-studio.com\\\/wp-content\\\/uploads\\\/2025\\\/06\\\/default-monochrome-black.svg\",\"contentUrl\":\"https:\\\/\\\/aiara-studio.com\\\/wp-content\\\/uploads\\\/2025\\\/06\\\/default-monochrome-black.svg\",\"width\":574,\"height\":90,\"caption\":\"aiara studio\"},\"image\":{\"@id\":\"https:\\\/\\\/aiara-studio.com\\\/#\\\/schema\\\/logo\\\/image\\\/\"}}]}<\/script>\n<!-- \/ Yoast SEO plugin. -->","yoast_head_json":{"title":"Legal Notice - aiara studio","robots":{"index":"index","follow":"follow","max-snippet":"max-snippet:-1","max-image-preview":"max-image-preview:large","max-video-preview":"max-video-preview:-1"},"canonical":"https:\/\/aiara-studio.com\/de\/legal-notice\/","og_locale":"de_DE","og_type":"article","og_title":"Legal Notice - aiara studio","og_description":"Legal Notice \u00a0 Effective Date: 23.08.2025 \u00a0 1. Owner Identification In compliance with Law 34\/2002 of 11 July, on Information Society Services and Electronic Commerce (LSSI-CE), this website www.aiara-studio.com is owned by: Aiara StudioEwa Caroline OrmanCalle Roques del Salmor 1438679 Costa AdejeSanta Cruz de Tenerife, Spain NIE: Z1251235-V Email: hello@aiara-studio.comWebsite:\u00a0https:\/\/www.aiara-studio.com Aiara Studio provides professional services...","og_url":"https:\/\/aiara-studio.com\/de\/legal-notice\/","og_site_name":"aiara studio","article_modified_time":"2025-10-26T20:01:16+00:00","twitter_card":"summary_large_image","twitter_misc":{"Gesch\u00e4tzte Lesezeit":"3\u00a0Minuten"},"schema":{"@context":"https:\/\/schema.org","@graph":[{"@type":"WebPage","@id":"https:\/\/aiara-studio.com\/legal-notice\/","url":"https:\/\/aiara-studio.com\/legal-notice\/","name":"Legal Notice - aiara studio","isPartOf":{"@id":"https:\/\/aiara-studio.com\/#website"},"datePublished":"2025-08-23T19:57:59+00:00","dateModified":"2025-10-26T20:01:16+00:00","breadcrumb":{"@id":"https:\/\/aiara-studio.com\/legal-notice\/#breadcrumb"},"inLanguage":"de","potentialAction":[{"@type":"ReadAction","target":["https:\/\/aiara-studio.com\/legal-notice\/"]}]},{"@type":"BreadcrumbList","@id":"https:\/\/aiara-studio.com\/legal-notice\/#breadcrumb","itemListElement":[{"@type":"ListItem","position":1,"name":"Home","item":"https:\/\/aiara-studio.com\/"},{"@type":"ListItem","position":2,"name":"Legal Notice"}]},{"@type":"WebSite","@id":"https:\/\/aiara-studio.com\/#website","url":"https:\/\/aiara-studio.com\/","name":"aiara studio","description":"AI Creative Direction","publisher":{"@id":"https:\/\/aiara-studio.com\/#organization"},"potentialAction":[{"@type":"SearchAction","target":{"@type":"EntryPoint","urlTemplate":"https:\/\/aiara-studio.com\/?s={search_term_string}"},"query-input":{"@type":"PropertyValueSpecification","valueRequired":true,"valueName":"search_term_string"}}],"inLanguage":"de"},{"@type":"Organization","@id":"https:\/\/aiara-studio.com\/#organization","name":"aiara studio","url":"https:\/\/aiara-studio.com\/","logo":{"@type":"ImageObject","inLanguage":"de","@id":"https:\/\/aiara-studio.com\/#\/schema\/logo\/image\/","url":"https:\/\/aiara-studio.com\/wp-content\/uploads\/2025\/06\/default-monochrome-black.svg","contentUrl":"https:\/\/aiara-studio.com\/wp-content\/uploads\/2025\/06\/default-monochrome-black.svg","width":574,"height":90,"caption":"aiara studio"},"image":{"@id":"https:\/\/aiara-studio.com\/#\/schema\/logo\/image\/"}}]}},"_links":{"self":[{"href":"https:\/\/aiara-studio.com\/de\/wp-json\/wp\/v2\/pages\/3513","targetHints":{"allow":["GET"]}}],"collection":[{"href":"https:\/\/aiara-studio.com\/de\/wp-json\/wp\/v2\/pages"}],"about":[{"href":"https:\/\/aiara-studio.com\/de\/wp-json\/wp\/v2\/types\/page"}],"author":[{"embeddable":true,"href":"https:\/\/aiara-studio.com\/de\/wp-json\/wp\/v2\/users\/1"}],"replies":[{"embeddable":true,"href":"https:\/\/aiara-studio.com\/de\/wp-json\/wp\/v2\/comments?post=3513"}],"version-history":[{"count":4,"href":"https:\/\/aiara-studio.com\/de\/wp-json\/wp\/v2\/pages\/3513\/revisions"}],"predecessor-version":[{"id":3520,"href":"https:\/\/aiara-studio.com\/de\/wp-json\/wp\/v2\/pages\/3513\/revisions\/3520"}],"wp:attachment":[{"href":"https:\/\/aiara-studio.com\/de\/wp-json\/wp\/v2\/media?parent=3513"}],"curies":[{"name":"wp","href":"https:\/\/api.w.org\/{rel}","templated":true}]}}